{"id":21553,"date":"2023-05-15T12:47:28","date_gmt":"2023-05-15T12:47:28","guid":{"rendered":"https:\/\/gerdarsafn.kopavogur.is\/?page_id=21553"},"modified":"2023-07-05T14:08:41","modified_gmt":"2023-07-05T14:08:41","slug":"safnbud","status":"publish","type":"page","link":"https:\/\/gerdarsafn.kopavogur.is\/en\/safnbud\/","title":{"rendered":"Museum shop"},"content":{"rendered":"\t\t<div data-elementor-type=\"wp-page\" data-elementor-id=\"21553\" class=\"elementor elementor-21553 elementor-20953\" data-elementor-post-type=\"page\">\n\t\t\t\t\t\t<section class=\"elementor-section elementor-top-section elementor-element elementor-element-dcbd129 elementor-section-boxed elementor-section-height-default elementor-section-height-default\" data-id=\"dcbd129\" data-element_type=\"section\" data-e-type=\"section\">\n\t\t\t\t\t\t<div class=\"elementor-container elementor-column-gap-no\">\n\t\t\t\t\t<div class=\"elementor-column elementor-col-50 elementor-top-column elementor-element elementor-element-f5bf302\" data-id=\"f5bf302\" data-element_type=\"column\" data-e-type=\"column\">\n\t\t\t<div class=\"elementor-widget-wrap elementor-element-populated\">\n\t\t\t\t\t\t<div class=\"elementor-element elementor-element-50cd910 elementor-widget elementor-widget-heading\" data-id=\"50cd910\" data-element_type=\"widget\" data-e-type=\"widget\" data-widget_type=\"heading.default\">\n\t\t\t\t<div class=\"elementor-widget-container\">\n\t\t\t\t\t<h1 class=\"elementor-heading-title elementor-size-default\">Safnb\u00fa\u00f0<\/h1>\t\t\t\t<\/div>\n\t\t\t\t<\/div>\n\t\t\t\t<div class=\"elementor-element elementor-element-f469a05 elementor-widget elementor-widget-heading\" data-id=\"f469a05\" data-element_type=\"widget\" data-e-type=\"widget\" data-widget_type=\"heading.default\">\n\t\t\t\t<div class=\"elementor-widget-container\">\n\t\t\t\t\t<h2 class=\"elementor-heading-title elementor-size-default\">Ger\u00f0arsafn <p>\nMuseum Shop<\/h2>\t\t\t\t<\/div>\n\t\t\t\t<\/div>\n\t\t\t\t<div class=\"elementor-element elementor-element-3bed993 elementor-widget elementor-widget-image\" data-id=\"3bed993\" data-element_type=\"widget\" data-e-type=\"widget\" data-widget_type=\"image.default\">\n\t\t\t\t<div class=\"elementor-widget-container\">\n\t\t\t\t\t\t\t\t\t\t\t\t\t\t\t<img decoding=\"async\" src=\"https:\/\/gerdarsafn.kopavogur.is\/wp-content\/uploads\/elementor\/thumbs\/safnbud-q0llm7tk0jjciv6zxymiykylvdlq7rdk3pbf7hkbtc.jpg\" title=\"safnbud\" alt=\"safnbud\" loading=\"lazy\" \/>\t\t\t\t\t\t\t\t\t\t\t\t\t\t\t<\/div>\n\t\t\t\t<\/div>\n\t\t\t\t\t<\/div>\n\t\t<\/div>\n\t\t\t\t<div class=\"elementor-column elementor-col-50 elementor-top-column elementor-element elementor-element-b6b97ca\" data-id=\"b6b97ca\" data-element_type=\"column\" data-e-type=\"column\">\n\t\t\t<div class=\"elementor-widget-wrap elementor-element-populated\">\n\t\t\t\t\t\t<div class=\"elementor-element elementor-element-df78d6a elementor-widget elementor-widget-text-editor\" data-id=\"df78d6a\" data-element_type=\"widget\" data-e-type=\"widget\" data-widget_type=\"text-editor.default\">\n\t\t\t\t<div class=\"elementor-widget-container\">\n\t\t\t\t\t\t\t\t\t<p>The Museum Shop in Ger\u00f0arsafn is open everyday during the museum&#8217;s opening hours. We offer a wide variety of art books, art prints and greeting cards. Ger\u00f0arsafn also sells casts of selected works by Ger\u00f0ur Helgad\u00f3ttir, products from various Icelandic designers, ECO friendly toys, natural bath products, Japanese notebooks, dried flower bouquets from Pastel flower studio among other things.\u00a0<\/p><p>You can find the Museum Shop on <a href=\"https:\/\/www.instagram.com\/safnbud_gerdarsafns\/\" target=\"_blank\" rel=\"noopener\">instagram<\/a>\u00a0and\u00a0<a href=\"https:\/\/www.facebook.com\/safnbudgerdarsafns\" target=\"_blank\" rel=\"noopener\">facebook<\/a>.<\/p>\t\t\t\t\t\t\t\t<\/div>\n\t\t\t\t<\/div>\n\t\t\t\t\t<\/div>\n\t\t<\/div>\n\t\t\t\t\t<\/div>\n\t\t<\/section>\n\t\t\t\t<\/div>\n\t\t","protected":false},"excerpt":{"rendered":"<p>Safnb\u00fa\u00f0 Ger\u00f0arsafn Museum Shop The Museum Shop in Ger\u00f0arsafn is open everyday during the museum&#8217;s opening hours. We offer a wide variety of art books, art prints and greeting cards. Ger\u00f0arsafn also sells casts of selected works by Ger\u00f0ur Helgad\u00f3ttir, products from various Icelandic designers, ECO friendly toys, natural bath products, Japanese notebooks, dried flower [&hellip;]<\/p>\n","protected":false},"author":1,"featured_media":20955,"parent":0,"menu_order":0,"comment_status":"closed","ping_status":"closed","template":"elementor_header_footer","meta":{"_acf_changed":false,"inline_featured_image":false,"staff":[],"footnotes":""},"class_list":["post-21553","page","type-page","status-publish","has-post-thumbnail","hentry"],"acf":[],"_links":{"self":[{"href":"https:\/\/gerdarsafn.kopavogur.is\/en\/wp-json\/wp\/v2\/pages\/21553","targetHints":{"allow":["GET"]}}],"collection":[{"href":"https:\/\/gerdarsafn.kopavogur.is\/en\/wp-json\/wp\/v2\/pages"}],"about":[{"href":"https:\/\/gerdarsafn.kopavogur.is\/en\/wp-json\/wp\/v2\/types\/page"}],"author":[{"embeddable":true,"href":"https:\/\/gerdarsafn.kopavogur.is\/en\/wp-json\/wp\/v2\/users\/1"}],"replies":[{"embeddable":true,"href":"https:\/\/gerdarsafn.kopavogur.is\/en\/wp-json\/wp\/v2\/comments?post=21553"}],"version-history":[{"count":0,"href":"https:\/\/gerdarsafn.kopavogur.is\/en\/wp-json\/wp\/v2\/pages\/21553\/revisions"}],"wp:featuredmedia":[{"embeddable":true,"href":"https:\/\/gerdarsafn.kopavogur.is\/en\/wp-json\/wp\/v2\/media\/20955"}],"wp:attachment":[{"href":"https:\/\/gerdarsafn.kopavogur.is\/en\/wp-json\/wp\/v2\/media?parent=21553"}],"curies":[{"name":"wp","href":"https:\/\/api.w.org\/{rel}","templated":true}]}}