{"id":21641,"date":"2023-05-24T19:43:22","date_gmt":"2023-05-24T19:43:22","guid":{"rendered":"https:\/\/gerdarsafn.kopavogur.is\/?page_id=21641"},"modified":"2023-08-18T12:13:38","modified_gmt":"2023-08-18T12:13:38","slug":"gerdur-helgadottir","status":"publish","type":"page","link":"https:\/\/gerdarsafn.kopavogur.is\/en\/safneign\/gerdur-helgadottir\/","title":{"rendered":"Ger\u00f0ur Helgad\u00f3ttir"},"content":{"rendered":"\t\t<div data-elementor-type=\"wp-page\" data-elementor-id=\"21641\" class=\"elementor elementor-21641 elementor-21640\" data-elementor-post-type=\"page\">\n\t\t\t\t\t\t<section class=\"elementor-section elementor-top-section elementor-element elementor-element-dcbd129 elementor-section-boxed elementor-section-height-default elementor-section-height-default\" data-id=\"dcbd129\" data-element_type=\"section\" data-e-type=\"section\">\n\t\t\t\t\t\t<div class=\"elementor-container elementor-column-gap-no\">\n\t\t\t\t\t<div class=\"elementor-column elementor-col-50 elementor-top-column elementor-element elementor-element-f5bf302\" data-id=\"f5bf302\" data-element_type=\"column\" data-e-type=\"column\">\n\t\t\t<div class=\"elementor-widget-wrap elementor-element-populated\">\n\t\t\t\t\t\t<div class=\"elementor-element elementor-element-15d0c27 elementor-widget elementor-widget-template\" data-id=\"15d0c27\" data-element_type=\"widget\" data-e-type=\"widget\" data-widget_type=\"template.default\">\n\t\t\t\t<div class=\"elementor-widget-container\">\n\t\t\t\t\t\t\t<div class=\"elementor-template\">\n\t\t\t\t\t<div data-elementor-type=\"section\" data-elementor-id=\"22173\" class=\"elementor elementor-22173 elementor-21607 elementor-21607\" data-elementor-post-type=\"elementor_library\">\n\t\t\t\t\t<section class=\"elementor-section elementor-inner-section elementor-element elementor-element-22c68e91 elementor-section-full_width elementor-section-height-default elementor-section-height-default\" data-id=\"22c68e91\" data-element_type=\"section\" data-e-type=\"section\" data-settings=\"{&quot;sticky&quot;:&quot;top&quot;,&quot;sticky_offset&quot;:88,&quot;sticky_on&quot;:[&quot;desktop&quot;,&quot;laptop&quot;,&quot;tablet&quot;],&quot;sticky_effects_offset&quot;:0,&quot;sticky_anchor_link_offset&quot;:0}\">\n\t\t\t\t\t\t<div class=\"elementor-container elementor-column-gap-no\">\n\t\t\t\t\t<div class=\"elementor-column elementor-col-100 elementor-inner-column elementor-element elementor-element-1f2380a3\" data-id=\"1f2380a3\" data-element_type=\"column\" data-e-type=\"column\">\n\t\t\t<div class=\"elementor-widget-wrap elementor-element-populated\">\n\t\t\t\t\t\t<div class=\"elementor-element elementor-element-7dc38692 elementor-widget elementor-widget-heading\" data-id=\"7dc38692\" data-element_type=\"widget\" data-e-type=\"widget\" data-widget_type=\"heading.default\">\n\t\t\t\t<div class=\"elementor-widget-container\">\n\t\t\t\t\t<div class=\"elementor-heading-title elementor-size-default\"><a href=\"https:\/\/gerdarsafn.kopavogur.is\/en\/safneign\/\">About Ger\u00f0arsafn's collection<\/a><\/div>\t\t\t\t<\/div>\n\t\t\t\t<\/div>\n\t\t\t\t<div class=\"elementor-element elementor-element-121d375d elementor-nav-menu--dropdown-none elementor-widget elementor-widget-nav-menu\" data-id=\"121d375d\" data-element_type=\"widget\" data-e-type=\"widget\" data-settings=\"{&quot;layout&quot;:&quot;vertical&quot;,&quot;submenu_icon&quot;:{&quot;value&quot;:&quot;&lt;svg aria-hidden=\\&quot;true\\&quot; class=\\&quot;e-font-icon-svg e-fas-caret-down\\&quot; viewBox=\\&quot;0 0 320 512\\&quot; xmlns=\\&quot;http:\\\/\\\/www.w3.org\\\/2000\\\/svg\\&quot;&gt;&lt;path d=\\&quot;M31.3 192h257.3c17.8 0 26.7 21.5 14.1 34.1L174.1 354.8c-7.8 7.8-20.5 7.8-28.3 0L17.2 226.1C4.6 213.5 13.5 192 31.3 192z\\&quot;&gt;&lt;\\\/path&gt;&lt;\\\/svg&gt;&quot;,&quot;library&quot;:&quot;fa-solid&quot;}}\" data-widget_type=\"nav-menu.default\">\n\t\t\t\t<div class=\"elementor-widget-container\">\n\t\t\t\t\t\t\t\t<nav aria-label=\"Menu\" class=\"elementor-nav-menu--main elementor-nav-menu__container elementor-nav-menu--layout-vertical e--pointer-none\">\n\t\t\t\t<ul id=\"menu-1-121d375d\" class=\"elementor-nav-menu sm-vertical\"><li class=\"menu-item menu-item-type-post_type menu-item-object-page menu-item-22255\"><a href=\"https:\/\/gerdarsafn.kopavogur.is\/en\/safneign\/safneign\/\" class=\"elementor-item\">Barbara \u00c1rnason<\/a><\/li>\n<li class=\"menu-item menu-item-type-post_type menu-item-object-page menu-item-22254\"><a href=\"https:\/\/gerdarsafn.kopavogur.is\/en\/safneign\/gerdur-helgadottir\/\" class=\"elementor-item\">Ger\u00f0ur Helgad\u00f3ttir<\/a><\/li>\n<li class=\"menu-item menu-item-type-post_type menu-item-object-page menu-item-22780\"><a href=\"https:\/\/gerdarsafn.kopavogur.is\/en\/safneign\/magnus-a-arnason\/\" class=\"elementor-item\">Magn\u00fas \u00c1.\u00a0\u00c1rnason<\/a><\/li>\n<li class=\"menu-item menu-item-type-post_type menu-item-object-page menu-item-22779\"><a href=\"https:\/\/gerdarsafn.kopavogur.is\/en\/safneign\/valgerdur-briem\/\" class=\"elementor-item\">Valger\u00f0ur Briem<\/a><\/li>\n<\/ul>\t\t\t<\/nav>\n\t\t\t\t\t\t<nav class=\"elementor-nav-menu--dropdown elementor-nav-menu__container\" aria-hidden=\"true\">\n\t\t\t\t<ul id=\"menu-2-121d375d\" class=\"elementor-nav-menu sm-vertical\"><li class=\"menu-item menu-item-type-post_type menu-item-object-page menu-item-22255\"><a href=\"https:\/\/gerdarsafn.kopavogur.is\/en\/safneign\/safneign\/\" class=\"elementor-item\" tabindex=\"-1\">Barbara \u00c1rnason<\/a><\/li>\n<li class=\"menu-item menu-item-type-post_type menu-item-object-page menu-item-22254\"><a href=\"https:\/\/gerdarsafn.kopavogur.is\/en\/safneign\/gerdur-helgadottir\/\" class=\"elementor-item\" tabindex=\"-1\">Ger\u00f0ur Helgad\u00f3ttir<\/a><\/li>\n<li class=\"menu-item menu-item-type-post_type menu-item-object-page menu-item-22780\"><a href=\"https:\/\/gerdarsafn.kopavogur.is\/en\/safneign\/magnus-a-arnason\/\" class=\"elementor-item\" tabindex=\"-1\">Magn\u00fas \u00c1.\u00a0\u00c1rnason<\/a><\/li>\n<li class=\"menu-item menu-item-type-post_type menu-item-object-page menu-item-22779\"><a href=\"https:\/\/gerdarsafn.kopavogur.is\/en\/safneign\/valgerdur-briem\/\" class=\"elementor-item\" tabindex=\"-1\">Valger\u00f0ur Briem<\/a><\/li>\n<\/ul>\t\t\t<\/nav>\n\t\t\t\t\t\t<\/div>\n\t\t\t\t<\/div>\n\t\t\t\t\t<\/div>\n\t\t<\/div>\n\t\t\t\t\t<\/div>\n\t\t<\/section>\n\t\t\t\t<\/div>\n\t\t\t\t<\/div>\n\t\t\t\t\t\t<\/div>\n\t\t\t\t<\/div>\n\t\t\t\t\t<\/div>\n\t\t<\/div>\n\t\t\t\t<div class=\"elementor-column elementor-col-50 elementor-top-column elementor-element elementor-element-b6b97ca\" data-id=\"b6b97ca\" data-element_type=\"column\" data-e-type=\"column\">\n\t\t\t<div class=\"elementor-widget-wrap elementor-element-populated\">\n\t\t\t\t\t\t<div class=\"elementor-element elementor-element-3bed993 elementor-widget elementor-widget-image\" data-id=\"3bed993\" data-element_type=\"widget\" data-e-type=\"widget\" data-widget_type=\"image.default\">\n\t\t\t\t<div class=\"elementor-widget-container\">\n\t\t\t\t\t\t\t\t\t\t\t\t\t\t\t<img fetchpriority=\"high\" decoding=\"async\" width=\"700\" height=\"394\" src=\"https:\/\/gerdarsafn.kopavogur.is\/wp-content\/uploads\/2023\/05\/heimsokn-i-studio-gerdar.jpg\" class=\"attachment-medium_large size-medium_large wp-image-21645\" alt=\"\" srcset=\"https:\/\/gerdarsafn.kopavogur.is\/wp-content\/uploads\/2023\/05\/heimsokn-i-studio-gerdar.jpg 700w, https:\/\/gerdarsafn.kopavogur.is\/wp-content\/uploads\/2023\/05\/heimsokn-i-studio-gerdar-300x169.jpg 300w, https:\/\/gerdarsafn.kopavogur.is\/wp-content\/uploads\/2023\/05\/heimsokn-i-studio-gerdar-250x140.jpg 250w, https:\/\/gerdarsafn.kopavogur.is\/wp-content\/uploads\/2023\/05\/heimsokn-i-studio-gerdar-360x202.jpg 360w, https:\/\/gerdarsafn.kopavogur.is\/wp-content\/uploads\/2023\/05\/heimsokn-i-studio-gerdar-426x240.jpg 426w\" sizes=\"(max-width: 700px) 100vw, 700px\" \/>\t\t\t\t\t\t\t\t\t\t\t\t\t\t\t<\/div>\n\t\t\t\t<\/div>\n\t\t\t\t<div class=\"elementor-element elementor-element-b2b6cd6 elementor-widget elementor-widget-text-editor\" data-id=\"b2b6cd6\" data-element_type=\"widget\" data-e-type=\"widget\" data-widget_type=\"text-editor.default\">\n\t\t\t\t<div class=\"elementor-widget-container\">\n\t\t\t\t\t\t\t\t\t<h3>Ger\u00f0ur Helgad\u00f3ttir (1928-1975)<\/h3><p>Ger\u00f0arsafn K\u00f3pavogur Art Museum was built in memory of artist Ger\u00f0ur Helgad\u00f3ttir\u00a0(1928-1975) and opened in 1994. Ger\u00f0ur Helgad\u00f3ttir\u2018s relatives gave the town of K\u00f3pavogur 1400 works from her estate after she passed away in 1975. Ger\u00f0ur Helgad\u00f3ttir was a pioneer of three-dimensional abstract art and glass art in Iceland. The town of K\u00f3pavogur accepted the gift with set conditions; to build a museum honoring Ger\u00f0ur\u2018s name and to preserve and showcase her work.\u00a0Ger\u00f0ur Helgad\u00f3ttir (1928 \u2013 1975) was a versatile artist who worked with sculptures, stained glass and mosaic.\u00a0The museum collection holds more than 1400 works by Ger\u00f0ur Helgad\u00f3ttir.<\/p><p>An\u00a0exhibition of Ger\u00f0ur&#8217;s works can be seen on the lower floor of the museum.<br \/>The exhibition is sponsored by\u00a0The Museum Council of Iceland.<\/p>\t\t\t\t\t\t\t\t<\/div>\n\t\t\t\t<\/div>\n\t\t\t\t\t<\/div>\n\t\t<\/div>\n\t\t\t\t\t<\/div>\n\t\t<\/section>\n\t\t\t\t<\/div>\n\t\t","protected":false},"excerpt":{"rendered":"<p>Ger\u00f0ur Helgad\u00f3ttir (1928-1975) Ger\u00f0arsafn K\u00f3pavogur Art Museum was built in memory of artist Ger\u00f0ur Helgad\u00f3ttir\u00a0(1928-1975) and opened in 1994. Ger\u00f0ur Helgad\u00f3ttir\u2018s relatives gave the town of K\u00f3pavogur 1400 works from her estate after she passed away in 1975. Ger\u00f0ur Helgad\u00f3ttir was a pioneer of three-dimensional abstract art and glass art in Iceland. The town of [&hellip;]<\/p>\n","protected":false},"author":2,"featured_media":21645,"parent":21941,"menu_order":0,"comment_status":"closed","ping_status":"closed","template":"elementor_header_footer","meta":{"_acf_changed":false,"inline_featured_image":false,"staff":[],"footnotes":""},"class_list":["post-21641","page","type-page","status-publish","has-post-thumbnail","hentry"],"acf":[],"_links":{"self":[{"href":"https:\/\/gerdarsafn.kopavogur.is\/en\/wp-json\/wp\/v2\/pages\/21641","targetHints":{"allow":["GET"]}}],"collection":[{"href":"https:\/\/gerdarsafn.kopavogur.is\/en\/wp-json\/wp\/v2\/pages"}],"about":[{"href":"https:\/\/gerdarsafn.kopavogur.is\/en\/wp-json\/wp\/v2\/types\/page"}],"author":[{"embeddable":true,"href":"https:\/\/gerdarsafn.kopavogur.is\/en\/wp-json\/wp\/v2\/users\/2"}],"replies":[{"embeddable":true,"href":"https:\/\/gerdarsafn.kopavogur.is\/en\/wp-json\/wp\/v2\/comments?post=21641"}],"version-history":[{"count":0,"href":"https:\/\/gerdarsafn.kopavogur.is\/en\/wp-json\/wp\/v2\/pages\/21641\/revisions"}],"up":[{"embeddable":true,"href":"https:\/\/gerdarsafn.kopavogur.is\/en\/wp-json\/wp\/v2\/pages\/21941"}],"wp:featuredmedia":[{"embeddable":true,"href":"https:\/\/gerdarsafn.kopavogur.is\/en\/wp-json\/wp\/v2\/media\/21645"}],"wp:attachment":[{"href":"https:\/\/gerdarsafn.kopavogur.is\/en\/wp-json\/wp\/v2\/media?parent=21641"}],"curies":[{"name":"wp","href":"https:\/\/api.w.org\/{rel}","templated":true}]}}