{"id":22021,"date":"2023-05-25T18:42:12","date_gmt":"2023-05-25T18:42:12","guid":{"rendered":"https:\/\/gerdarsafn.kopavogur.is\/um-gerdarsafn\/advisory-committee\/"},"modified":"2024-04-10T15:47:16","modified_gmt":"2024-04-10T15:47:16","slug":"advisory-committee","status":"publish","type":"page","link":"https:\/\/gerdarsafn.kopavogur.is\/en\/um-gerdarsafn\/advisory-committee\/","title":{"rendered":"Advisory Committee"},"content":{"rendered":"\t\t<div data-elementor-type=\"wp-page\" data-elementor-id=\"22021\" class=\"elementor elementor-22021 elementor-21787\" data-elementor-post-type=\"page\">\n\t\t\t\t\t\t<section class=\"elementor-section elementor-top-section elementor-element elementor-element-dcbd129 elementor-section-boxed elementor-section-height-default elementor-section-height-default\" data-id=\"dcbd129\" data-element_type=\"section\" data-e-type=\"section\">\n\t\t\t\t\t\t<div class=\"elementor-container elementor-column-gap-no\">\n\t\t\t\t\t<div class=\"elementor-column elementor-col-50 elementor-top-column elementor-element elementor-element-f5bf302\" data-id=\"f5bf302\" data-element_type=\"column\" data-e-type=\"column\">\n\t\t\t<div class=\"elementor-widget-wrap elementor-element-populated\">\n\t\t\t\t\t\t<div class=\"elementor-element elementor-element-15d0c27 elementor-widget elementor-widget-template\" data-id=\"15d0c27\" data-element_type=\"widget\" data-e-type=\"widget\" data-widget_type=\"template.default\">\n\t\t\t\t<div class=\"elementor-widget-container\">\n\t\t\t\t\t\t\t<div class=\"elementor-template\">\n\t\t\t\t\t<div data-elementor-type=\"section\" data-elementor-id=\"22175\" class=\"elementor elementor-22175 elementor-20924 elementor-20924\" data-elementor-post-type=\"elementor_library\">\n\t\t\t\t\t<section class=\"elementor-section elementor-inner-section elementor-element elementor-element-22c68e91 elementor-section-full_width elementor-section-height-default elementor-section-height-default\" data-id=\"22c68e91\" data-element_type=\"section\" data-e-type=\"section\" data-settings=\"{&quot;sticky&quot;:&quot;top&quot;,&quot;sticky_offset&quot;:88,&quot;sticky_on&quot;:[&quot;desktop&quot;,&quot;laptop&quot;,&quot;tablet&quot;],&quot;sticky_effects_offset&quot;:0,&quot;sticky_anchor_link_offset&quot;:0}\">\n\t\t\t\t\t\t<div class=\"elementor-container elementor-column-gap-no\">\n\t\t\t\t\t<div class=\"elementor-column elementor-col-100 elementor-inner-column elementor-element elementor-element-1f2380a3\" data-id=\"1f2380a3\" data-element_type=\"column\" data-e-type=\"column\">\n\t\t\t<div class=\"elementor-widget-wrap elementor-element-populated\">\n\t\t\t\t\t\t<div class=\"elementor-element elementor-element-7dc38692 elementor-widget elementor-widget-heading\" data-id=\"7dc38692\" data-element_type=\"widget\" data-e-type=\"widget\" data-widget_type=\"heading.default\">\n\t\t\t\t<div class=\"elementor-widget-container\">\n\t\t\t\t\t<div class=\"elementor-heading-title elementor-size-default\">Ger\u00f0arsafn Art Museum<\/div>\t\t\t\t<\/div>\n\t\t\t\t<\/div>\n\t\t\t\t<div class=\"elementor-element elementor-element-121d375d elementor-nav-menu--dropdown-none elementor-widget elementor-widget-nav-menu\" data-id=\"121d375d\" data-element_type=\"widget\" data-e-type=\"widget\" data-settings=\"{&quot;layout&quot;:&quot;vertical&quot;,&quot;submenu_icon&quot;:{&quot;value&quot;:&quot;&lt;svg aria-hidden=\\&quot;true\\&quot; class=\\&quot;e-font-icon-svg e-fas-caret-down\\&quot; viewBox=\\&quot;0 0 320 512\\&quot; xmlns=\\&quot;http:\\\/\\\/www.w3.org\\\/2000\\\/svg\\&quot;&gt;&lt;path d=\\&quot;M31.3 192h257.3c17.8 0 26.7 21.5 14.1 34.1L174.1 354.8c-7.8 7.8-20.5 7.8-28.3 0L17.2 226.1C4.6 213.5 13.5 192 31.3 192z\\&quot;&gt;&lt;\\\/path&gt;&lt;\\\/svg&gt;&quot;,&quot;library&quot;:&quot;fa-solid&quot;}}\" data-widget_type=\"nav-menu.default\">\n\t\t\t\t<div class=\"elementor-widget-container\">\n\t\t\t\t\t\t\t\t<nav aria-label=\"Menu\" class=\"elementor-nav-menu--main elementor-nav-menu__container elementor-nav-menu--layout-vertical e--pointer-none\">\n\t\t\t\t<ul id=\"menu-1-121d375d\" class=\"elementor-nav-menu sm-vertical\"><li class=\"menu-item menu-item-type-post_type menu-item-object-page menu-item-22252\"><a href=\"https:\/\/gerdarsafn.kopavogur.is\/en\/heimsokn\/\" class=\"elementor-item\">Visit<\/a><\/li>\n<li class=\"menu-item menu-item-type-post_type menu-item-object-page menu-item-22253\"><a href=\"https:\/\/gerdarsafn.kopavogur.is\/en\/starfsfolk\/\" class=\"elementor-item\">Employees<\/a><\/li>\n<li class=\"menu-item menu-item-type-post_type menu-item-object-page menu-item-21935\"><a href=\"https:\/\/gerdarsafn.kopavogur.is\/en\/um-gerdarsafn\/\" class=\"elementor-item\">About Ger\u00f0arsafn<\/a><\/li>\n<li class=\"menu-item menu-item-type-post_type menu-item-object-page menu-item-21928\"><a href=\"https:\/\/gerdarsafn.kopavogur.is\/en\/heimsokn\/byggingin\/\" class=\"elementor-item\">The building<\/a><\/li>\n<li class=\"menu-item menu-item-type-post_type menu-item-object-page menu-item-23160\"><a href=\"https:\/\/gerdarsafn.kopavogur.is\/en\/heimsokn\/kronikan\/\" class=\"elementor-item\">Kr\u00f3nikan<\/a><\/li>\n<\/ul>\t\t\t<\/nav>\n\t\t\t\t\t\t<nav class=\"elementor-nav-menu--dropdown elementor-nav-menu__container\" aria-hidden=\"true\">\n\t\t\t\t<ul id=\"menu-2-121d375d\" class=\"elementor-nav-menu sm-vertical\"><li class=\"menu-item menu-item-type-post_type menu-item-object-page menu-item-22252\"><a href=\"https:\/\/gerdarsafn.kopavogur.is\/en\/heimsokn\/\" class=\"elementor-item\" tabindex=\"-1\">Visit<\/a><\/li>\n<li class=\"menu-item menu-item-type-post_type menu-item-object-page menu-item-22253\"><a href=\"https:\/\/gerdarsafn.kopavogur.is\/en\/starfsfolk\/\" class=\"elementor-item\" tabindex=\"-1\">Employees<\/a><\/li>\n<li class=\"menu-item menu-item-type-post_type menu-item-object-page menu-item-21935\"><a href=\"https:\/\/gerdarsafn.kopavogur.is\/en\/um-gerdarsafn\/\" class=\"elementor-item\" tabindex=\"-1\">About Ger\u00f0arsafn<\/a><\/li>\n<li class=\"menu-item menu-item-type-post_type menu-item-object-page menu-item-21928\"><a href=\"https:\/\/gerdarsafn.kopavogur.is\/en\/heimsokn\/byggingin\/\" class=\"elementor-item\" tabindex=\"-1\">The building<\/a><\/li>\n<li class=\"menu-item menu-item-type-post_type menu-item-object-page menu-item-23160\"><a href=\"https:\/\/gerdarsafn.kopavogur.is\/en\/heimsokn\/kronikan\/\" class=\"elementor-item\" tabindex=\"-1\">Kr\u00f3nikan<\/a><\/li>\n<\/ul>\t\t\t<\/nav>\n\t\t\t\t\t\t<\/div>\n\t\t\t\t<\/div>\n\t\t\t\t\t<\/div>\n\t\t<\/div>\n\t\t\t\t\t<\/div>\n\t\t<\/section>\n\t\t\t\t<\/div>\n\t\t\t\t<\/div>\n\t\t\t\t\t\t<\/div>\n\t\t\t\t<\/div>\n\t\t\t\t\t<\/div>\n\t\t<\/div>\n\t\t\t\t<div class=\"elementor-column elementor-col-50 elementor-top-column elementor-element elementor-element-b6b97ca\" data-id=\"b6b97ca\" data-element_type=\"column\" data-e-type=\"column\">\n\t\t\t<div class=\"elementor-widget-wrap elementor-element-populated\">\n\t\t\t\t\t\t<div class=\"elementor-element elementor-element-3bed993 elementor-widget elementor-widget-image\" data-id=\"3bed993\" data-element_type=\"widget\" data-e-type=\"widget\" data-widget_type=\"image.default\">\n\t\t\t\t<div class=\"elementor-widget-container\">\n\t\t\t\t\t\t\t\t\t\t\t\t\t\t\t<img fetchpriority=\"high\" decoding=\"async\" width=\"768\" height=\"512\" src=\"https:\/\/gerdarsafn.kopavogur.is\/wp-content\/uploads\/2023\/05\/6G5A9265-768x512.jpg\" class=\"attachment-medium_large size-medium_large wp-image-21789\" alt=\"\" srcset=\"https:\/\/gerdarsafn.kopavogur.is\/wp-content\/uploads\/2023\/05\/6G5A9265-768x512.jpg 768w, https:\/\/gerdarsafn.kopavogur.is\/wp-content\/uploads\/2023\/05\/6G5A9265-300x200.jpg 300w, https:\/\/gerdarsafn.kopavogur.is\/wp-content\/uploads\/2023\/05\/6G5A9265-1024x683.jpg 1024w, https:\/\/gerdarsafn.kopavogur.is\/wp-content\/uploads\/2023\/05\/6G5A9265-1536x1024.jpg 1536w, https:\/\/gerdarsafn.kopavogur.is\/wp-content\/uploads\/2023\/05\/6G5A9265-2048x1365.jpg 2048w\" sizes=\"(max-width: 768px) 100vw, 768px\" \/>\t\t\t\t\t\t\t\t\t\t\t\t\t\t\t<\/div>\n\t\t\t\t<\/div>\n\t\t\t\t<div class=\"elementor-element elementor-element-df78d6a elementor-widget elementor-widget-text-editor\" data-id=\"df78d6a\" data-element_type=\"widget\" data-e-type=\"widget\" data-widget_type=\"text-editor.default\">\n\t\t\t\t<div class=\"elementor-widget-container\">\n\t\t\t\t\t\t\t\t\t<p>The artistic activities of Ger\u00f0arsafn are shaped by the director of Ger\u00f0arsafn in collaboration with the museum&#8217;s advisory committee. The role of the advisory committee is to provide professional advice on Ger\u00f0arsafn&#8217;s exhibition and collection strategy. <\/p>\n<\/p>\n<h3>The role and composition of the Ger\u00f0arsafn advisory committee<\/h3>\n<\/p>\n<p>Ger\u00f0arsafn&#8217;s advisory committee shall be made up of three people in addition to the director of Ger\u00f0arsafn, who will supervise the committee. The director of Ger\u00f0arsafn selects the committee members based on professional criteria, based on qualifications, education, work experience, gender, age and other factors that may be relevant to the selection.<\/p>\n<p>Among the tasks of the advisory committee is to review exhibition proposals and advise the director on exhibition and collection policy and the purchase of materials. The work of the committee is the responsibility of the director of Ger\u00f0arsafn, and the committee is bound by confidentiality in its work for the museum.<\/p>\n<p>The director of Ger\u00f0arsafn submits for approval to the K\u00f3pavog City Arts and Culture Council the working rules and duties of the committee, which also specifies how the work duties of the committee members are carried out outside of meetings. The director of Ger\u00f0arsafn convenes committee meetings according to the planned agenda at least two days in advance. The director of cultural affairs of K\u00f3pavogur is invited to committee meetings, but is not bound to attend all meetings of the committee.<\/p>\n<p>It is expected that the committee will meet four times a year, but a maximum of five times. The salaries of the committee members are determined by the Arts and Culture Council and are charged to Ger\u00f0arsafn. Committee members are paid for the meetings they attend. The director of Ger\u00f0arsafn writes the minutes of the meetings, which are submitted to the Council of Arts and Culture. <\/p>\n<p>The composition of the committee is subject to the approval of the Arts and Culture Council. The term of office of the committee is for one year at a time with the possibility of an extension for one year. All major proposals of the committee, such as the purchase of works of art, must be submitted to the Arts and Culture Council for approval before a decision is made.<\/p>\n<p>Ger\u00f0arsafn&#8217;s active advisory board consists of Eggert P\u00e9tursson, Katr\u00edn Elvarsd\u00f3ttir and Sindri Leifsson as well as the acting director, Brynja Sveinsd\u00f3ttir.<\/p>\n<p>Photo: Geometry exhibition <\/p>\n\t\t\t\t\t\t\t\t<\/div>\n\t\t\t\t<\/div>\n\t\t\t\t\t<\/div>\n\t\t<\/div>\n\t\t\t\t\t<\/div>\n\t\t<\/section>\n\t\t\t\t<\/div>\n\t\t","protected":false},"excerpt":{"rendered":"<p>The artistic activities of Ger\u00f0arsafn are shaped by the director of Ger\u00f0arsafn in collaboration with the museum&#8217;s advisory committee. The role of the advisory committee is to provide professional advice on Ger\u00f0arsafn&#8217;s exhibition and collection strategy. The role and composition of the Ger\u00f0arsafn advisory committee Ger\u00f0arsafn&#8217;s advisory committee shall be made up of three people [&hellip;]<\/p>\n","protected":false},"author":2,"featured_media":21789,"parent":21934,"menu_order":2,"comment_status":"closed","ping_status":"closed","template":"elementor_header_footer","meta":{"_acf_changed":false,"inline_featured_image":false,"staff":[],"footnotes":""},"class_list":["post-22021","page","type-page","status-publish","has-post-thumbnail","hentry"],"acf":[],"_links":{"self":[{"href":"https:\/\/gerdarsafn.kopavogur.is\/en\/wp-json\/wp\/v2\/pages\/22021","targetHints":{"allow":["GET"]}}],"collection":[{"href":"https:\/\/gerdarsafn.kopavogur.is\/en\/wp-json\/wp\/v2\/pages"}],"about":[{"href":"https:\/\/gerdarsafn.kopavogur.is\/en\/wp-json\/wp\/v2\/types\/page"}],"author":[{"embeddable":true,"href":"https:\/\/gerdarsafn.kopavogur.is\/en\/wp-json\/wp\/v2\/users\/2"}],"replies":[{"embeddable":true,"href":"https:\/\/gerdarsafn.kopavogur.is\/en\/wp-json\/wp\/v2\/comments?post=22021"}],"version-history":[{"count":0,"href":"https:\/\/gerdarsafn.kopavogur.is\/en\/wp-json\/wp\/v2\/pages\/22021\/revisions"}],"up":[{"embeddable":true,"href":"https:\/\/gerdarsafn.kopavogur.is\/en\/wp-json\/wp\/v2\/pages\/21934"}],"wp:featuredmedia":[{"embeddable":true,"href":"https:\/\/gerdarsafn.kopavogur.is\/en\/wp-json\/wp\/v2\/media\/21789"}],"wp:attachment":[{"href":"https:\/\/gerdarsafn.kopavogur.is\/en\/wp-json\/wp\/v2\/media?parent=22021"}],"curies":[{"name":"wp","href":"https:\/\/api.w.org\/{rel}","templated":true}]}}