{"id":22763,"date":"2023-05-15T14:10:51","date_gmt":"2023-05-15T14:10:51","guid":{"rendered":"https:\/\/gerdarsafn.kopavogur.is\/safneign\/magnus-a-arnason\/"},"modified":"2023-08-17T12:31:44","modified_gmt":"2023-08-17T12:31:44","slug":"magnus-a-arnason","status":"publish","type":"page","link":"https:\/\/gerdarsafn.kopavogur.is\/en\/safneign\/magnus-a-arnason\/","title":{"rendered":"Magn\u00fas \u00c1.\u00a0\u00c1rnason"},"content":{"rendered":"\t\t<div data-elementor-type=\"wp-page\" data-elementor-id=\"22763\" class=\"elementor elementor-22763 elementor-21599\" data-elementor-post-type=\"page\">\n\t\t\t\t\t\t<section class=\"elementor-section elementor-top-section elementor-element elementor-element-dcbd129 elementor-section-boxed elementor-section-height-default elementor-section-height-default\" data-id=\"dcbd129\" data-element_type=\"section\" data-e-type=\"section\">\n\t\t\t\t\t\t<div class=\"elementor-container elementor-column-gap-no\">\n\t\t\t\t\t<div class=\"elementor-column elementor-col-50 elementor-top-column elementor-element elementor-element-f5bf302\" data-id=\"f5bf302\" data-element_type=\"column\" data-e-type=\"column\">\n\t\t\t<div class=\"elementor-widget-wrap elementor-element-populated\">\n\t\t\t\t\t\t<div class=\"elementor-element elementor-element-15d0c27 elementor-widget elementor-widget-template\" data-id=\"15d0c27\" data-element_type=\"widget\" data-e-type=\"widget\" data-widget_type=\"template.default\">\n\t\t\t\t<div class=\"elementor-widget-container\">\n\t\t\t\t\t\t\t<div class=\"elementor-template\">\n\t\t\t\t\t<div data-elementor-type=\"section\" data-elementor-id=\"22173\" class=\"elementor elementor-22173 elementor-21607 elementor-21607\" data-elementor-post-type=\"elementor_library\">\n\t\t\t\t\t<section class=\"elementor-section elementor-inner-section elementor-element elementor-element-22c68e91 elementor-section-full_width elementor-section-height-default elementor-section-height-default\" data-id=\"22c68e91\" data-element_type=\"section\" data-e-type=\"section\" data-settings=\"{&quot;sticky&quot;:&quot;top&quot;,&quot;sticky_offset&quot;:88,&quot;sticky_on&quot;:[&quot;desktop&quot;,&quot;laptop&quot;,&quot;tablet&quot;],&quot;sticky_effects_offset&quot;:0,&quot;sticky_anchor_link_offset&quot;:0}\">\n\t\t\t\t\t\t<div class=\"elementor-container elementor-column-gap-no\">\n\t\t\t\t\t<div class=\"elementor-column elementor-col-100 elementor-inner-column elementor-element elementor-element-1f2380a3\" data-id=\"1f2380a3\" data-element_type=\"column\" data-e-type=\"column\">\n\t\t\t<div class=\"elementor-widget-wrap elementor-element-populated\">\n\t\t\t\t\t\t<div class=\"elementor-element elementor-element-7dc38692 elementor-widget elementor-widget-heading\" data-id=\"7dc38692\" data-element_type=\"widget\" data-e-type=\"widget\" data-widget_type=\"heading.default\">\n\t\t\t\t<div class=\"elementor-widget-container\">\n\t\t\t\t\t<div class=\"elementor-heading-title elementor-size-default\"><a href=\"https:\/\/gerdarsafn.kopavogur.is\/en\/safneign\/\">About Ger\u00f0arsafn's collection<\/a><\/div>\t\t\t\t<\/div>\n\t\t\t\t<\/div>\n\t\t\t\t<div class=\"elementor-element elementor-element-121d375d elementor-nav-menu--dropdown-none elementor-widget elementor-widget-nav-menu\" data-id=\"121d375d\" data-element_type=\"widget\" data-e-type=\"widget\" data-settings=\"{&quot;layout&quot;:&quot;vertical&quot;,&quot;submenu_icon&quot;:{&quot;value&quot;:&quot;&lt;svg aria-hidden=\\&quot;true\\&quot; class=\\&quot;e-font-icon-svg e-fas-caret-down\\&quot; viewBox=\\&quot;0 0 320 512\\&quot; xmlns=\\&quot;http:\\\/\\\/www.w3.org\\\/2000\\\/svg\\&quot;&gt;&lt;path d=\\&quot;M31.3 192h257.3c17.8 0 26.7 21.5 14.1 34.1L174.1 354.8c-7.8 7.8-20.5 7.8-28.3 0L17.2 226.1C4.6 213.5 13.5 192 31.3 192z\\&quot;&gt;&lt;\\\/path&gt;&lt;\\\/svg&gt;&quot;,&quot;library&quot;:&quot;fa-solid&quot;}}\" data-widget_type=\"nav-menu.default\">\n\t\t\t\t<div class=\"elementor-widget-container\">\n\t\t\t\t\t\t\t\t<nav aria-label=\"Menu\" class=\"elementor-nav-menu--main elementor-nav-menu__container elementor-nav-menu--layout-vertical e--pointer-none\">\n\t\t\t\t<ul id=\"menu-1-121d375d\" class=\"elementor-nav-menu sm-vertical\"><li class=\"menu-item menu-item-type-post_type menu-item-object-page menu-item-22255\"><a href=\"https:\/\/gerdarsafn.kopavogur.is\/en\/safneign\/safneign\/\" class=\"elementor-item\">Barbara \u00c1rnason<\/a><\/li>\n<li class=\"menu-item menu-item-type-post_type menu-item-object-page menu-item-22254\"><a href=\"https:\/\/gerdarsafn.kopavogur.is\/en\/safneign\/gerdur-helgadottir\/\" class=\"elementor-item\">Ger\u00f0ur Helgad\u00f3ttir<\/a><\/li>\n<li class=\"menu-item menu-item-type-post_type menu-item-object-page menu-item-22780\"><a href=\"https:\/\/gerdarsafn.kopavogur.is\/en\/safneign\/magnus-a-arnason\/\" class=\"elementor-item\">Magn\u00fas \u00c1.\u00a0\u00c1rnason<\/a><\/li>\n<li class=\"menu-item menu-item-type-post_type menu-item-object-page menu-item-22779\"><a href=\"https:\/\/gerdarsafn.kopavogur.is\/en\/safneign\/valgerdur-briem\/\" class=\"elementor-item\">Valger\u00f0ur Briem<\/a><\/li>\n<\/ul>\t\t\t<\/nav>\n\t\t\t\t\t\t<nav class=\"elementor-nav-menu--dropdown elementor-nav-menu__container\" aria-hidden=\"true\">\n\t\t\t\t<ul id=\"menu-2-121d375d\" class=\"elementor-nav-menu sm-vertical\"><li class=\"menu-item menu-item-type-post_type menu-item-object-page menu-item-22255\"><a href=\"https:\/\/gerdarsafn.kopavogur.is\/en\/safneign\/safneign\/\" class=\"elementor-item\" tabindex=\"-1\">Barbara \u00c1rnason<\/a><\/li>\n<li class=\"menu-item menu-item-type-post_type menu-item-object-page menu-item-22254\"><a href=\"https:\/\/gerdarsafn.kopavogur.is\/en\/safneign\/gerdur-helgadottir\/\" class=\"elementor-item\" tabindex=\"-1\">Ger\u00f0ur Helgad\u00f3ttir<\/a><\/li>\n<li class=\"menu-item menu-item-type-post_type menu-item-object-page menu-item-22780\"><a href=\"https:\/\/gerdarsafn.kopavogur.is\/en\/safneign\/magnus-a-arnason\/\" class=\"elementor-item\" tabindex=\"-1\">Magn\u00fas \u00c1.\u00a0\u00c1rnason<\/a><\/li>\n<li class=\"menu-item menu-item-type-post_type menu-item-object-page menu-item-22779\"><a href=\"https:\/\/gerdarsafn.kopavogur.is\/en\/safneign\/valgerdur-briem\/\" class=\"elementor-item\" tabindex=\"-1\">Valger\u00f0ur Briem<\/a><\/li>\n<\/ul>\t\t\t<\/nav>\n\t\t\t\t\t\t<\/div>\n\t\t\t\t<\/div>\n\t\t\t\t\t<\/div>\n\t\t<\/div>\n\t\t\t\t\t<\/div>\n\t\t<\/section>\n\t\t\t\t<\/div>\n\t\t\t\t<\/div>\n\t\t\t\t\t\t<\/div>\n\t\t\t\t<\/div>\n\t\t\t\t\t<\/div>\n\t\t<\/div>\n\t\t\t\t<div class=\"elementor-column elementor-col-50 elementor-top-column elementor-element elementor-element-b6b97ca\" data-id=\"b6b97ca\" data-element_type=\"column\" data-e-type=\"column\">\n\t\t\t<div class=\"elementor-widget-wrap elementor-element-populated\">\n\t\t\t\t\t\t<div class=\"elementor-element elementor-element-3bed993 elementor-widget elementor-widget-image\" data-id=\"3bed993\" data-element_type=\"widget\" data-e-type=\"widget\" data-widget_type=\"image.default\">\n\t\t\t\t<div class=\"elementor-widget-container\">\n\t\t\t\t\t\t\t\t\t\t\t\t\t\t\t<img fetchpriority=\"high\" decoding=\"async\" width=\"450\" height=\"332\" src=\"https:\/\/gerdarsafn.kopavogur.is\/wp-content\/uploads\/2023\/05\/magnus-a-arnason.jpg\" class=\"attachment-medium_large size-medium_large wp-image-21583\" alt=\"\" srcset=\"https:\/\/gerdarsafn.kopavogur.is\/wp-content\/uploads\/2023\/05\/magnus-a-arnason.jpg 450w, https:\/\/gerdarsafn.kopavogur.is\/wp-content\/uploads\/2023\/05\/magnus-a-arnason-300x221.jpg 300w\" sizes=\"(max-width: 450px) 100vw, 450px\" \/>\t\t\t\t\t\t\t\t\t\t\t\t\t\t\t<\/div>\n\t\t\t\t<\/div>\n\t\t\t\t<div class=\"elementor-element elementor-element-df78d6a elementor-widget elementor-widget-text-editor\" data-id=\"df78d6a\" data-element_type=\"widget\" data-e-type=\"widget\" data-widget_type=\"text-editor.default\">\n\t\t\t\t<div class=\"elementor-widget-container\">\n\t\t\t\t\t\t\t\t\t<h3>Magn\u00fas \u00c1.\u00a0\u00c1rnason\u00a0(1894-1980)<\/h3><p>Magn\u00fas \u00c1rs\u00e6ll \u00c1rnason (1894-1980) was a painter, sculptor, composer and writer. Magn\u00fas&#8217;s best-known sculpture is probably the Monument to Sigurbj\u00f6rn Sveinsson from 1952. Magn\u00fas&#8217; busts of poets are also well known and are considered solid and beautiful works. Magn\u00fas was the most productive in painting. Most of his pictures are of Icelandic landscapes, as he was a great lover of nature. Magn\u00fas was the first to hold an art exhibition in K\u00f3pavogur, on November 12, 1960, on the 2nd floor of the K\u00f3pavogur Community Center, which was unfurnished at the time. There were 60 paintings and 8 sculptures at the exhibition. Magn\u00fas was an influential figure in the various associations of Icelandic visual artists and was the first chairman of the Reykjav\u00edk Sculptors Association, which was founded in 1972. In 1983, three years after Magn\u00fas&#8217;s death, the Barbara and Magn\u00fas \u00c1. \u00c1rnason Memorial Fund presented K\u00f3pavogur a gift with around 300 works of art. Of these, 200 were by Magn\u00fas, paintings, sculptures and drawings.<\/p>\t\t\t\t\t\t\t\t<\/div>\n\t\t\t\t<\/div>\n\t\t\t\t\t<\/div>\n\t\t<\/div>\n\t\t\t\t\t<\/div>\n\t\t<\/section>\n\t\t\t\t<\/div>\n\t\t","protected":false},"excerpt":{"rendered":"<p>Magn\u00fas \u00c1.\u00a0\u00c1rnason\u00a0(1894-1980) Magn\u00fas \u00c1rs\u00e6ll \u00c1rnason (1894-1980) was a painter, sculptor, composer and writer. Magn\u00fas&#8217;s best-known sculpture is probably the Monument to Sigurbj\u00f6rn Sveinsson from 1952. Magn\u00fas&#8217; busts of poets are also well known and are considered solid and beautiful works. Magn\u00fas was the most productive in painting. Most of his pictures are of Icelandic landscapes, [&hellip;]<\/p>\n","protected":false},"author":2,"featured_media":21583,"parent":21941,"menu_order":0,"comment_status":"closed","ping_status":"closed","template":"elementor_header_footer","meta":{"_acf_changed":false,"inline_featured_image":false,"staff":[],"footnotes":""},"class_list":["post-22763","page","type-page","status-publish","has-post-thumbnail","hentry"],"acf":[],"_links":{"self":[{"href":"https:\/\/gerdarsafn.kopavogur.is\/en\/wp-json\/wp\/v2\/pages\/22763","targetHints":{"allow":["GET"]}}],"collection":[{"href":"https:\/\/gerdarsafn.kopavogur.is\/en\/wp-json\/wp\/v2\/pages"}],"about":[{"href":"https:\/\/gerdarsafn.kopavogur.is\/en\/wp-json\/wp\/v2\/types\/page"}],"author":[{"embeddable":true,"href":"https:\/\/gerdarsafn.kopavogur.is\/en\/wp-json\/wp\/v2\/users\/2"}],"replies":[{"embeddable":true,"href":"https:\/\/gerdarsafn.kopavogur.is\/en\/wp-json\/wp\/v2\/comments?post=22763"}],"version-history":[{"count":0,"href":"https:\/\/gerdarsafn.kopavogur.is\/en\/wp-json\/wp\/v2\/pages\/22763\/revisions"}],"up":[{"embeddable":true,"href":"https:\/\/gerdarsafn.kopavogur.is\/en\/wp-json\/wp\/v2\/pages\/21941"}],"wp:featuredmedia":[{"embeddable":true,"href":"https:\/\/gerdarsafn.kopavogur.is\/en\/wp-json\/wp\/v2\/media\/21583"}],"wp:attachment":[{"href":"https:\/\/gerdarsafn.kopavogur.is\/en\/wp-json\/wp\/v2\/media?parent=22763"}],"curies":[{"name":"wp","href":"https:\/\/api.w.org\/{rel}","templated":true}]}}