{"id":6823,"date":"2022-08-29T11:25:31","date_gmt":"2022-08-29T11:25:31","guid":{"rendered":"https:\/\/gerdarsafn.kopavogur.is\/meko-news\/"},"modified":"2023-05-25T18:21:12","modified_gmt":"2023-05-25T18:21:12","slug":"meko-news","status":"publish","type":"page","link":"https:\/\/gerdarsafn.kopavogur.is\/en\/meko-news\/","title":{"rendered":"News"},"content":{"rendered":"\t\t<div data-elementor-type=\"wp-page\" data-elementor-id=\"6823\" class=\"elementor elementor-6823 elementor-70\" data-elementor-post-type=\"page\">\n\t\t\t\t\t\t<section class=\"elementor-section elementor-top-section elementor-element elementor-element-cd38027 elementor-section-boxed elementor-section-height-default elementor-section-height-default\" data-id=\"cd38027\" data-element_type=\"section\" data-e-type=\"section\">\n\t\t\t\t\t\t<div class=\"elementor-container elementor-column-gap-no\">\n\t\t\t\t\t<div class=\"elementor-column elementor-col-100 elementor-top-column elementor-element elementor-element-a4db2cb\" data-id=\"a4db2cb\" data-element_type=\"column\" data-e-type=\"column\">\n\t\t\t<div class=\"elementor-widget-wrap elementor-element-populated\">\n\t\t\t\t\t\t<div class=\"elementor-element elementor-element-360d05a elementor-widget elementor-widget-heading\" data-id=\"360d05a\" data-element_type=\"widget\" data-e-type=\"widget\" data-widget_type=\"heading.default\">\n\t\t\t\t<div class=\"elementor-widget-container\">\n\t\t\t\t\t<h1 class=\"elementor-heading-title elementor-size-default\">News<\/h1>\t\t\t\t<\/div>\n\t\t\t\t<\/div>\n\t\t\t\t<div class=\"elementor-element elementor-element-a38c5b8 elementor-widget elementor-widget-jet-listing-grid\" data-id=\"a38c5b8\" data-element_type=\"widget\" data-e-type=\"widget\" id=\"news\" data-settings=\"{&quot;columns&quot;:3,&quot;columns_mobile&quot;:&quot;1&quot;}\" data-widget_type=\"jet-listing-grid.default\">\n\t\t\t\t<div class=\"elementor-widget-container\">\n\t\t\t\t\t<div class=\"jet-listing-grid jet-listing\"><div class=\"jet-listing-grid__items grid-col-desk-3 grid-col-tablet-3 grid-col-mobile-1 jet-listing-grid--21218\" data-queried-id=\"6823|WP_Post\" data-nav=\"{&quot;enabled&quot;:false,&quot;type&quot;:null,&quot;more_el&quot;:null,&quot;query&quot;:[],&quot;widget_settings&quot;:{&quot;lisitng_id&quot;:21218,&quot;posts_num&quot;:24,&quot;columns&quot;:3,&quot;columns_tablet&quot;:3,&quot;columns_mobile&quot;:1,&quot;column_min_width&quot;:240,&quot;column_min_width_tablet&quot;:240,&quot;column_min_width_mobile&quot;:240,&quot;inline_columns_css&quot;:false,&quot;is_archive_template&quot;:&quot;&quot;,&quot;post_status&quot;:[&quot;publish&quot;],&quot;use_random_posts_num&quot;:&quot;&quot;,&quot;max_posts_num&quot;:9,&quot;not_found_message&quot;:&quot;No data was found&quot;,&quot;is_masonry&quot;:false,&quot;equal_columns_height&quot;:&quot;&quot;,&quot;use_load_more&quot;:&quot;&quot;,&quot;load_more_id&quot;:&quot;loadMore&quot;,&quot;load_more_type&quot;:&quot;scroll&quot;,&quot;load_more_offset&quot;:{&quot;unit&quot;:&quot;px&quot;,&quot;size&quot;:0,&quot;sizes&quot;:[]},&quot;use_custom_post_types&quot;:&quot;yes&quot;,&quot;custom_post_types&quot;:[&quot;post&quot;],&quot;hide_widget_if&quot;:&quot;&quot;,&quot;carousel_enabled&quot;:&quot;&quot;,&quot;slides_to_scroll&quot;:&quot;1&quot;,&quot;arrows&quot;:&quot;true&quot;,&quot;arrow_icon&quot;:&quot;fa fa-angle-left&quot;,&quot;dots&quot;:&quot;&quot;,&quot;autoplay&quot;:&quot;true&quot;,&quot;pause_on_hover&quot;:&quot;true&quot;,&quot;autoplay_speed&quot;:5000,&quot;infinite&quot;:&quot;true&quot;,&quot;center_mode&quot;:&quot;&quot;,&quot;effect&quot;:&quot;slide&quot;,&quot;speed&quot;:500,&quot;inject_alternative_items&quot;:&quot;&quot;,&quot;injection_items&quot;:[],&quot;scroll_slider_enabled&quot;:&quot;&quot;,&quot;scroll_slider_on&quot;:[&quot;desktop&quot;,&quot;tablet&quot;,&quot;mobile&quot;],&quot;custom_query&quot;:false,&quot;custom_query_id&quot;:&quot;&quot;,&quot;_element_id&quot;:&quot;news&quot;,&quot;collapse_first_last_gap&quot;:false,&quot;list_tag_selection&quot;:&quot;&quot;,&quot;list_items_wrapper_tag&quot;:&quot;div&quot;,&quot;list_item_tag&quot;:&quot;div&quot;,&quot;empty_items_wrapper_tag&quot;:&quot;div&quot;}}\" data-page=\"1\" data-pages=\"1\" data-listing-source=\"posts\" data-listing-id=\"21218\" data-query-id=\"\"><div class=\"jet-listing-grid__item jet-listing-dynamic-post-23865\" data-post-id=\"23865\"  ><div class=\"jet-engine-listing-overlay-wrap\" data-url=\"https:\/\/gerdarsafn.kopavogur.is\/en\/2023\/12\/22\/opnunartimar-um-jolin-a-gerdarsafni\/\">\t\t<div data-elementor-type=\"jet-listing-items\" data-elementor-id=\"22368\" class=\"elementor elementor-22368 elementor-21218 elementor-21218\" data-elementor-post-type=\"jet-engine\">\n\t\t\t\t\t\t<article class=\"elementor-section elementor-top-section elementor-element elementor-element-a893297 elementor-section-boxed elementor-section-height-default elementor-section-height-default\" data-id=\"a893297\" data-element_type=\"section\" data-e-type=\"section\">\n\t\t\t\t\t\t<div class=\"elementor-container elementor-column-gap-no\">\n\t\t\t\t\t<div class=\"elementor-column elementor-col-100 elementor-top-column elementor-element elementor-element-d054ec4\" data-id=\"d054ec4\" data-element_type=\"column\" data-e-type=\"column\">\n\t\t\t<div class=\"elementor-widget-wrap elementor-element-populated\">\n\t\t\t\t\t\t<div class=\"elementor-element elementor-element-80138a8 elementor-widget elementor-widget-jet-listing-dynamic-image\" data-id=\"80138a8\" data-element_type=\"widget\" data-e-type=\"widget\" data-widget_type=\"jet-listing-dynamic-image.default\">\n\t\t\t\t<div class=\"elementor-widget-container\">\n\t\t\t\t\t<div class=\"jet-listing jet-listing-dynamic-image\" ><a href=\"https:\/\/gerdarsafn.kopavogur.is\/en\/2023\/12\/22\/opnunartimar-um-jolin-a-gerdarsafni\/\" class=\"jet-listing-dynamic-image__link\"><img decoding=\"async\" width=\"512\" src=\"https:\/\/gerdarsafn.kopavogur.is\/wp-content\/uploads\/elementor\/thumbs\/Christmas-card-qh6wcvaazdpl9ew85myc0dldqxa1x6sn9arwa93uc2.jpg\" class=\"jet-listing-dynamic-image__img attachment-512xx1x1 size-512xx1x1 wp-post-image\" alt=\"J\u00f3lakort-barbara\" loading=\"eager\" \/><\/a><\/div>\t\t\t\t<\/div>\n\t\t\t\t<\/div>\n\t\t\t\t<div class=\"elementor-element elementor-element-5f7b00c elementor-widget elementor-widget-jet-listing-dynamic-field\" data-id=\"5f7b00c\" data-element_type=\"widget\" data-e-type=\"widget\" data-widget_type=\"jet-listing-dynamic-field.default\">\n\t\t\t\t<div class=\"elementor-widget-container\">\n\t\t\t\t\t<div class=\"jet-listing jet-listing-dynamic-field display-inline\"><div class=\"jet-listing-dynamic-field__inline-wrap\"><div class=\"jet-listing-dynamic-field__content\" >Opening hours during Christmas at Ger\u00f0arsafn<\/div><\/div><\/div>\t\t\t\t<\/div>\n\t\t\t\t<\/div>\n\t\t\t\t<div class=\"elementor-element elementor-element-7f32bc3 elementor-widget elementor-widget-jet-listing-dynamic-field\" data-id=\"7f32bc3\" data-element_type=\"widget\" data-e-type=\"widget\" data-widget_type=\"jet-listing-dynamic-field.default\">\n\t\t\t\t<div class=\"elementor-widget-container\">\n\t\t\t\t\t<div class=\"jet-listing jet-listing-dynamic-field display-inline\"><div class=\"jet-listing-dynamic-field__inline-wrap\"><div class=\"jet-listing-dynamic-field__content\" >22.12.2023<\/div><\/div><\/div>\t\t\t\t<\/div>\n\t\t\t\t<\/div>\n\t\t\t\t\t<\/div>\n\t\t<\/div>\n\t\t\t\t\t<\/div>\n\t\t<\/article>\n\t\t\t\t<\/div>\n\t\t<a href=\"https:\/\/gerdarsafn.kopavogur.is\/en\/2023\/12\/22\/opnunartimar-um-jolin-a-gerdarsafni\/\" class=\"jet-engine-listing-overlay-link\"><\/a><\/div><\/div><div class=\"jet-listing-grid__item jet-listing-dynamic-post-23043\" data-post-id=\"23043\"  ><div class=\"jet-engine-listing-overlay-wrap\" data-url=\"https:\/\/gerdarsafn.kopavogur.is\/en\/2023\/09\/15\/kronikan-opnar-i-gerdarsafni\/\">\t\t<div data-elementor-type=\"jet-listing-items\" data-elementor-id=\"22368\" class=\"elementor elementor-22368 elementor-21218 elementor-21218\" data-elementor-post-type=\"jet-engine\">\n\t\t\t\t\t\t<article class=\"elementor-section elementor-top-section elementor-element elementor-element-a893297 elementor-section-boxed elementor-section-height-default elementor-section-height-default\" data-id=\"a893297\" data-element_type=\"section\" data-e-type=\"section\">\n\t\t\t\t\t\t<div class=\"elementor-container elementor-column-gap-no\">\n\t\t\t\t\t<div class=\"elementor-column elementor-col-100 elementor-top-column elementor-element elementor-element-d054ec4\" data-id=\"d054ec4\" data-element_type=\"column\" data-e-type=\"column\">\n\t\t\t<div class=\"elementor-widget-wrap elementor-element-populated\">\n\t\t\t\t\t\t<div class=\"elementor-element elementor-element-80138a8 elementor-widget elementor-widget-jet-listing-dynamic-image\" data-id=\"80138a8\" data-element_type=\"widget\" data-e-type=\"widget\" data-widget_type=\"jet-listing-dynamic-image.default\">\n\t\t\t\t<div class=\"elementor-widget-container\">\n\t\t\t\t\t<div class=\"jet-listing jet-listing-dynamic-image\" ><a href=\"https:\/\/gerdarsafn.kopavogur.is\/en\/2023\/09\/15\/kronikan-opnar-i-gerdarsafni\/\" class=\"jet-listing-dynamic-image__link\"><img decoding=\"async\" width=\"512\" src=\"https:\/\/gerdarsafn.kopavogur.is\/wp-content\/uploads\/elementor\/thumbs\/kronikan-qcghah53mxqtw9udenii08e5mjwgbqelhy7na3z9re.jpeg\" class=\"jet-listing-dynamic-image__img attachment-512xx1x1 size-512xx1x1 wp-post-image\" alt=\"kronikan\" loading=\"eager\" \/><\/a><\/div>\t\t\t\t<\/div>\n\t\t\t\t<\/div>\n\t\t\t\t<div class=\"elementor-element elementor-element-5f7b00c elementor-widget elementor-widget-jet-listing-dynamic-field\" data-id=\"5f7b00c\" data-element_type=\"widget\" data-e-type=\"widget\" data-widget_type=\"jet-listing-dynamic-field.default\">\n\t\t\t\t<div class=\"elementor-widget-container\">\n\t\t\t\t\t<div class=\"jet-listing jet-listing-dynamic-field display-inline\"><div class=\"jet-listing-dynamic-field__inline-wrap\"><div class=\"jet-listing-dynamic-field__content\" >A dining experience at Ger\u00f0arsafn<\/div><\/div><\/div>\t\t\t\t<\/div>\n\t\t\t\t<\/div>\n\t\t\t\t<div class=\"elementor-element elementor-element-7f32bc3 elementor-widget elementor-widget-jet-listing-dynamic-field\" data-id=\"7f32bc3\" data-element_type=\"widget\" data-e-type=\"widget\" data-widget_type=\"jet-listing-dynamic-field.default\">\n\t\t\t\t<div class=\"elementor-widget-container\">\n\t\t\t\t\t<div class=\"jet-listing jet-listing-dynamic-field display-inline\"><div class=\"jet-listing-dynamic-field__inline-wrap\"><div class=\"jet-listing-dynamic-field__content\" >15.09.2023<\/div><\/div><\/div>\t\t\t\t<\/div>\n\t\t\t\t<\/div>\n\t\t\t\t\t<\/div>\n\t\t<\/div>\n\t\t\t\t\t<\/div>\n\t\t<\/article>\n\t\t\t\t<\/div>\n\t\t<a href=\"https:\/\/gerdarsafn.kopavogur.is\/en\/2023\/09\/15\/kronikan-opnar-i-gerdarsafni\/\" class=\"jet-engine-listing-overlay-link\"><\/a><\/div><\/div><div class=\"jet-listing-grid__item jet-listing-dynamic-post-22378\" data-post-id=\"22378\"  ><div class=\"jet-engine-listing-overlay-wrap\" data-url=\"https:\/\/gerdarsafn.kopavogur.is\/en\/2023\/02\/08\/photos-from-kopavogur-winter-festival-2023\/\">\t\t<div data-elementor-type=\"jet-listing-items\" data-elementor-id=\"22368\" class=\"elementor elementor-22368 elementor-21218 elementor-21218\" data-elementor-post-type=\"jet-engine\">\n\t\t\t\t\t\t<article class=\"elementor-section elementor-top-section elementor-element elementor-element-a893297 elementor-section-boxed elementor-section-height-default elementor-section-height-default\" data-id=\"a893297\" data-element_type=\"section\" data-e-type=\"section\">\n\t\t\t\t\t\t<div class=\"elementor-container elementor-column-gap-no\">\n\t\t\t\t\t<div class=\"elementor-column elementor-col-100 elementor-top-column elementor-element elementor-element-d054ec4\" data-id=\"d054ec4\" data-element_type=\"column\" data-e-type=\"column\">\n\t\t\t<div class=\"elementor-widget-wrap elementor-element-populated\">\n\t\t\t\t\t\t<div class=\"elementor-element elementor-element-80138a8 elementor-widget elementor-widget-jet-listing-dynamic-image\" data-id=\"80138a8\" data-element_type=\"widget\" data-e-type=\"widget\" data-widget_type=\"jet-listing-dynamic-image.default\">\n\t\t\t\t<div class=\"elementor-widget-container\">\n\t\t\t\t\t<div class=\"jet-listing jet-listing-dynamic-image\" ><a href=\"https:\/\/gerdarsafn.kopavogur.is\/en\/2023\/02\/08\/photos-from-kopavogur-winter-festival-2023\/\" class=\"jet-listing-dynamic-image__link\"><img decoding=\"async\" width=\"512\" src=\"https:\/\/gerdarsafn.kopavogur.is\/wp-content\/uploads\/elementor\/thumbs\/Tillit-thoronnu-bjornsdottur-scaled-1-q1r9zv6gd5ml3sjdtflphtikt6lpms8xrg0v6sbgpe.jpg\" class=\"jet-listing-dynamic-image__img attachment-512xx1x1 size-512xx1x1 wp-post-image\" alt=\"Tillit-thoronnu-bjornsdottur-scaled\" loading=\"eager\" \/><\/a><\/div>\t\t\t\t<\/div>\n\t\t\t\t<\/div>\n\t\t\t\t<div class=\"elementor-element elementor-element-5f7b00c elementor-widget elementor-widget-jet-listing-dynamic-field\" data-id=\"5f7b00c\" data-element_type=\"widget\" data-e-type=\"widget\" data-widget_type=\"jet-listing-dynamic-field.default\">\n\t\t\t\t<div class=\"elementor-widget-container\">\n\t\t\t\t\t<div class=\"jet-listing jet-listing-dynamic-field display-inline\"><div class=\"jet-listing-dynamic-field__inline-wrap\"><div class=\"jet-listing-dynamic-field__content\" >Photos from K\u00f3pavogur Winter Festival 2023<\/div><\/div><\/div>\t\t\t\t<\/div>\n\t\t\t\t<\/div>\n\t\t\t\t<div class=\"elementor-element elementor-element-7f32bc3 elementor-widget elementor-widget-jet-listing-dynamic-field\" data-id=\"7f32bc3\" data-element_type=\"widget\" data-e-type=\"widget\" data-widget_type=\"jet-listing-dynamic-field.default\">\n\t\t\t\t<div class=\"elementor-widget-container\">\n\t\t\t\t\t<div class=\"jet-listing jet-listing-dynamic-field display-inline\"><div class=\"jet-listing-dynamic-field__inline-wrap\"><div class=\"jet-listing-dynamic-field__content\" >08.02.2023<\/div><\/div><\/div>\t\t\t\t<\/div>\n\t\t\t\t<\/div>\n\t\t\t\t\t<\/div>\n\t\t<\/div>\n\t\t\t\t\t<\/div>\n\t\t<\/article>\n\t\t\t\t<\/div>\n\t\t<a href=\"https:\/\/gerdarsafn.kopavogur.is\/en\/2023\/02\/08\/photos-from-kopavogur-winter-festival-2023\/\" class=\"jet-engine-listing-overlay-link\"><\/a><\/div><\/div><div class=\"jet-listing-grid__item jet-listing-dynamic-post-22377\" data-post-id=\"22377\"  ><div class=\"jet-engine-listing-overlay-wrap\" data-url=\"https:\/\/gerdarsafn.kopavogur.is\/en\/2023\/02\/08\/umsoknarfrestur-er-17-februar-2023\/\">\t\t<div data-elementor-type=\"jet-listing-items\" data-elementor-id=\"22368\" class=\"elementor elementor-22368 elementor-21218 elementor-21218\" data-elementor-post-type=\"jet-engine\">\n\t\t\t\t\t\t<article class=\"elementor-section elementor-top-section elementor-element elementor-element-a893297 elementor-section-boxed elementor-section-height-default elementor-section-height-default\" data-id=\"a893297\" data-element_type=\"section\" data-e-type=\"section\">\n\t\t\t\t\t\t<div class=\"elementor-container elementor-column-gap-no\">\n\t\t\t\t\t<div class=\"elementor-column elementor-col-100 elementor-top-column elementor-element elementor-element-d054ec4\" data-id=\"d054ec4\" data-element_type=\"column\" data-e-type=\"column\">\n\t\t\t<div class=\"elementor-widget-wrap elementor-element-populated\">\n\t\t\t\t\t\t<div class=\"elementor-element elementor-element-80138a8 elementor-widget elementor-widget-jet-listing-dynamic-image\" data-id=\"80138a8\" data-element_type=\"widget\" data-e-type=\"widget\" data-widget_type=\"jet-listing-dynamic-image.default\">\n\t\t\t\t<div class=\"elementor-widget-container\">\n\t\t\t\t\t<div class=\"jet-listing jet-listing-dynamic-image\" ><a href=\"https:\/\/gerdarsafn.kopavogur.is\/en\/2023\/02\/08\/umsoknarfrestur-er-17-februar-2023\/\" class=\"jet-listing-dynamic-image__link\"><img decoding=\"async\" width=\"512\" src=\"https:\/\/gerdarsafn.kopavogur.is\/wp-content\/uploads\/elementor\/thumbs\/Prag_gerdarsafn_nattkop-q1uvbfx2eird2q1yity0801x2zv01sk96envqhg6du.jpg\" class=\"jet-listing-dynamic-image__img attachment-512xx1x1 size-512xx1x1 wp-post-image\" alt=\"Prag_gerdarsafn_nattkop\" loading=\"eager\" \/><\/a><\/div>\t\t\t\t<\/div>\n\t\t\t\t<\/div>\n\t\t\t\t<div class=\"elementor-element elementor-element-5f7b00c elementor-widget elementor-widget-jet-listing-dynamic-field\" data-id=\"5f7b00c\" data-element_type=\"widget\" data-e-type=\"widget\" data-widget_type=\"jet-listing-dynamic-field.default\">\n\t\t\t\t<div class=\"elementor-widget-container\">\n\t\t\t\t\t<div class=\"jet-listing jet-listing-dynamic-field display-inline\"><div class=\"jet-listing-dynamic-field__inline-wrap\"><div class=\"jet-listing-dynamic-field__content\" >Ums\u00f3knarfrestur er 17. febr\u00faar 2023.<\/div><\/div><\/div>\t\t\t\t<\/div>\n\t\t\t\t<\/div>\n\t\t\t\t<div class=\"elementor-element elementor-element-7f32bc3 elementor-widget elementor-widget-jet-listing-dynamic-field\" data-id=\"7f32bc3\" data-element_type=\"widget\" data-e-type=\"widget\" data-widget_type=\"jet-listing-dynamic-field.default\">\n\t\t\t\t<div class=\"elementor-widget-container\">\n\t\t\t\t\t<div class=\"jet-listing jet-listing-dynamic-field display-inline\"><div class=\"jet-listing-dynamic-field__inline-wrap\"><div class=\"jet-listing-dynamic-field__content\" >08.02.2023<\/div><\/div><\/div>\t\t\t\t<\/div>\n\t\t\t\t<\/div>\n\t\t\t\t\t<\/div>\n\t\t<\/div>\n\t\t\t\t\t<\/div>\n\t\t<\/article>\n\t\t\t\t<\/div>\n\t\t<a href=\"https:\/\/gerdarsafn.kopavogur.is\/en\/2023\/02\/08\/umsoknarfrestur-er-17-februar-2023\/\" class=\"jet-engine-listing-overlay-link\"><\/a><\/div><\/div><\/div><\/div>\t\t\t\t<\/div>\n\t\t\t\t<\/div>\n\t\t\t\t<div class=\"elementor-element elementor-element-4442f9e elementor-widget elementor-widget-jet-smart-filters-pagination\" data-id=\"4442f9e\" data-element_type=\"widget\" data-e-type=\"widget\" data-widget_type=\"jet-smart-filters-pagination.default\">\n\t\t\t\t<div class=\"elementor-widget-container\">\n\t\t\t\t\t<div\n\t\t\t\tclass=\"jet-smart-filters-pagination jet-filter\"\n\t\t\t\tdata-apply-provider=\"jet-engine\"\n\t\t\t\tdata-content-provider=\"jet-engine\"\n\t\t\t\tdata-query-id=\"news\"\n\t\t\t\tdata-controls=\"{&quot;items_enabled&quot;:true,&quot;pages_mid_size&quot;:0,&quot;pages_end_size&quot;:0,&quot;nav_enabled&quot;:true,&quot;prev&quot;:&quot;\\u2039&quot;,&quot;next&quot;:&quot;\\u203a&quot;,&quot;hide_inactive_nav&quot;:true,&quot;load_more_enabled&quot;:false,&quot;provider_top_offset&quot;:0}\"\n\t\t\t\tdata-apply-type=\"ajax\"\n\t\t\t><\/div>\t\t\t\t<\/div>\n\t\t\t\t<\/div>\n\t\t\t\t\t<\/div>\n\t\t<\/div>\n\t\t\t\t\t<\/div>\n\t\t<\/section>\n\t\t\t\t<\/div>\n\t\t","protected":false},"excerpt":{"rendered":"<p>News Kr\u00f3n\u00edkan opnar \u00ed Ger\u00f0arsafni 11.05.2023 Springum \u00fat \u00e1 Barnamenningarh\u00e1t\u00ed\u00f0 \u00ed K\u00f3pavogi 17.04.2023 Meta\u00f0s\u00f3kn \u00ed menningarh\u00fasin 01.03.2023 Hlj\u00f3ta 10 millj\u00f3nir kr. \u00ed styrk 15.02.2023 Takk fyrir komuna! 08.02.2023 Opi\u00f0 kall: lista- og fr\u00e6\u00f0af\u00f3lk 08.02.2023 Myndir fr\u00e1 Vetrarh\u00e1t\u00ed\u00f0 \u00ed K\u00f3pavogi 06.02.2023 Spennandi al\u00fej\u00f3\u00f0legt verkefni me\u00f0 \u00e1herslu \u00e1 leik og dans! 17.01.2023 Opi\u00f0 um h\u00e1t\u00ed\u00f0irnar 21.12.2022 Handhafi [&hellip;]<\/p>\n","protected":false},"author":1,"featured_media":22143,"parent":0,"menu_order":0,"comment_status":"closed","ping_status":"closed","template":"elementor_header_footer","meta":{"_acf_changed":false,"inline_featured_image":false,"staff":[],"footnotes":""},"class_list":["post-6823","page","type-page","status-publish","has-post-thumbnail","hentry"],"acf":[],"_links":{"self":[{"href":"https:\/\/gerdarsafn.kopavogur.is\/en\/wp-json\/wp\/v2\/pages\/6823","targetHints":{"allow":["GET"]}}],"collection":[{"href":"https:\/\/gerdarsafn.kopavogur.is\/en\/wp-json\/wp\/v2\/pages"}],"about":[{"href":"https:\/\/gerdarsafn.kopavogur.is\/en\/wp-json\/wp\/v2\/types\/page"}],"author":[{"embeddable":true,"href":"https:\/\/gerdarsafn.kopavogur.is\/en\/wp-json\/wp\/v2\/users\/1"}],"replies":[{"embeddable":true,"href":"https:\/\/gerdarsafn.kopavogur.is\/en\/wp-json\/wp\/v2\/comments?post=6823"}],"version-history":[{"count":0,"href":"https:\/\/gerdarsafn.kopavogur.is\/en\/wp-json\/wp\/v2\/pages\/6823\/revisions"}],"wp:featuredmedia":[{"embeddable":true,"href":"https:\/\/gerdarsafn.kopavogur.is\/en\/wp-json\/wp\/v2\/media\/22143"}],"wp:attachment":[{"href":"https:\/\/gerdarsafn.kopavogur.is\/en\/wp-json\/wp\/v2\/media?parent=6823"}],"curies":[{"name":"wp","href":"https:\/\/api.w.org\/{rel}","templated":true}]}}